{"id":65882,"date":"2021-06-18T06:41:37","date_gmt":"2021-06-18T06:41:37","guid":{"rendered":"https:\/\/www.joaoleitao.com\/viagens\/?page_id=65882"},"modified":"2024-01-04T09:01:58","modified_gmt":"2024-01-04T09:01:58","slug":"promocoes-pacotes-de-viagens","status":"publish","type":"page","link":"https:\/\/www.joaoleitao.com\/viagens\/promocoes-pacotes-de-viagens\/","title":{"rendered":"Junte-se \u00e0s minhas viagens de grupo"},"content":{"rendered":"<div id=\"ez-toc-container\" class=\"ez-toc-v2_0_81 counter-hierarchy ez-toc-counter ez-toc-light-blue ez-toc-container-direction\">\n<p class=\"ez-toc-title\" style=\"cursor:inherit\">\u00cdndice<\/p>\n<label for=\"ez-toc-cssicon-toggle-item-69ea41642295e\" class=\"ez-toc-cssicon-toggle-label\"><span class=\"\"><span class=\"eztoc-hide\" style=\"display:none;\">Toggle<\/span><span class=\"ez-toc-icon-toggle-span\"><svg style=\"fill: #999;color:#999\" xmlns=\"http:\/\/www.w3.org\/2000\/svg\" class=\"list-377408\" width=\"20px\" height=\"20px\" viewBox=\"0 0 24 24\" fill=\"none\"><path d=\"M6 6H4v2h2V6zm14 0H8v2h12V6zM4 11h2v2H4v-2zm16 0H8v2h12v-2zM4 16h2v2H4v-2zm16 0H8v2h12v-2z\" fill=\"currentColor\"><\/path><\/svg><svg style=\"fill: #999;color:#999\" class=\"arrow-unsorted-368013\" xmlns=\"http:\/\/www.w3.org\/2000\/svg\" width=\"10px\" height=\"10px\" viewBox=\"0 0 24 24\" version=\"1.2\" baseProfile=\"tiny\"><path d=\"M18.2 9.3l-6.2-6.3-6.2 6.3c-.2.2-.3.4-.3.7s.1.5.3.7c.2.2.4.3.7.3h11c.3 0 .5-.1.7-.3.2-.2.3-.5.3-.7s-.1-.5-.3-.7zM5.8 14.7l6.2 6.3 6.2-6.3c.2-.2.3-.5.3-.7s-.1-.5-.3-.7c-.2-.2-.4-.3-.7-.3h-11c-.3 0-.5.1-.7.3-.2.2-.3.5-.3.7s.1.5.3.7z\"\/><\/svg><\/span><\/span><\/label><input type=\"checkbox\"  id=\"ez-toc-cssicon-toggle-item-69ea41642295e\" checked aria-label=\"Toggle\" \/><nav><ul class='ez-toc-list ez-toc-list-level-1 ' ><li class='ez-toc-page-1 ez-toc-heading-level-2'><a class=\"ez-toc-link ez-toc-heading-1\" href=\"https:\/\/www.joaoleitao.com\/viagens\/promocoes-pacotes-de-viagens\/#Tours_de_Grupo\" >Tours de Grupo<\/a><\/li><li class='ez-toc-page-1 ez-toc-heading-level-2'><a class=\"ez-toc-link ez-toc-heading-2\" href=\"https:\/\/www.joaoleitao.com\/viagens\/promocoes-pacotes-de-viagens\/#Pronto_para_reservar\" >Pronto para reservar?<\/a><\/li><\/ul><\/nav><\/div>\n\n<p>Junte-se \u00e0s minhas expedi\u00e7\u00f5es de grupo na Ar\u00e1bia Saudita, Iraque, Afeganist\u00e3o, Marrocos e I\u00e9men. \u00d3timos pre\u00e7os e melhor qualidade. Estes passeios em grupo s\u00e3o totalmente certificados e feitos atrav\u00e9s da minha pr\u00f3pria operadora tur\u00edstica &#8211; RJ Travel, e n\u00e3o atrav\u00e9s de terceiros. Os meus parceiros locais s\u00e3o confi\u00e1veis e conhe\u00e7o todos os lugares, hot\u00e9is e guias visitados nestas viagens. Tenho mais de 20 anos a organizar tours e a liderar expedi\u00e7\u00f5es. Junte-se a um grupo!<\/p>\n\n\n\n<h2 class=\"wp-block-heading\"><span class=\"ez-toc-section\" id=\"Tours_de_Grupo\"><\/span>Tours de Grupo<span class=\"ez-toc-section-end\"><\/span><\/h2>\n\n\n\n<p>Clique para abrir nova janela para a p\u00e1gina do meu site da ag\u00eancia de viagens.<\/p>\n\n\n\n<p><a href=\"https:\/\/www.rjtravelagency.com\/product\/iraq-group-tour\/\" target=\"_blank\" rel=\"noreferrer noopener\">9-DAY IRAQ GROUP TOUR \u00bb FROM BAGHDAD WITH MOSUL AND UR \u00bb 1700\u20ac<\/a><\/p>\n\n\n\n<p><a href=\"https:\/\/www.rjtravelagency.com\/product\/marrakech-desert-tour-morocco\/\" target=\"_blank\" rel=\"noreferrer noopener\">7-DAY MOROCCO GROUP TOUR \u00bb MARRAKECH DESERT TOUR &amp; LUXURY DESERT CAMP \u00bb 430\u20ac<\/a><\/p>\n\n\n\n<p><a href=\"https:\/\/www.rjtravelagency.com\/product\/fes-to-marrakech-tour\/\" target=\"_blank\" rel=\"noreferrer noopener\">7-DAY MOROCCO GROUP TOUR \u00bb FES TO MARRAKECH DESERT TOUR \u00bb 430\u20ac<\/a><\/p>\n\n\n\n<p><a href=\"https:\/\/www.rjtravelagency.com\/product\/marrakech-to-fes-tour\/\" target=\"_blank\" rel=\"noreferrer noopener\">7-DAY MOROCCO GROUP TOUR \u00bb IMPERIAL CITIES &amp; CHEFCHAOUEN \u2013 MARRAKECH TO FES \u00bb 430\u20ac<\/a><\/p>\n\n\n\n<p><a href=\"https:\/\/www.rjtravelagency.com\/product\/new-year-in-morocco-desert-tour\/\" target=\"_blank\" rel=\"noreferrer noopener\">7-DAY MOROCCO GROUP TOUR \u00bb NEW YEAR<\/a>&nbsp;<a href=\"https:\/\/www.rjtravelagency.com\/product\/new-year-in-morocco-desert-tour\/\" target=\"_blank\" rel=\"noreferrer noopener\">DESERT TOUR FROM MARRAKECH \u00bb 520\u20ac<\/a><\/p>\n\n\n\n<h2 class=\"wp-block-heading has-text-align-center\"><span class=\"ez-toc-section\" id=\"Pronto_para_reservar\"><\/span>Pronto para reservar?<span class=\"ez-toc-section-end\"><\/span><\/h2>\n\n\n\n<p class=\"has-text-align-center has-white-color has-luminous-vivid-amber-background-color has-text-color has-background\">Envie uma mensagem para receber o PDF explicativo desta viagem.<\/p>\n\n\n\n<div class=\"wp-block-columns is-layout-flex wp-container-core-columns-is-layout-9d6595d7 wp-block-columns-is-layout-flex\">\n<div class=\"wp-block-column is-layout-flow wp-block-column-is-layout-flow\">\n<p class=\"has-text-align-center has-huge-font-size\">Whatsapp<\/p>\n\n\n\n<p class=\"has-text-align-center\">Jo\u00e3o Leit\u00e3o<\/p>\n<\/div>\n\n\n\n<div class=\"wp-block-column is-layout-flow wp-block-column-is-layout-flow\">\n<p class=\"has-text-align-center has-huge-font-size\">+971-523-549-709<\/p>\n<\/div>\n<\/div>\n\n\n\n<p><\/p>\n","protected":false},"excerpt":{"rendered":"","protected":false},"author":5,"featured_media":0,"parent":0,"menu_order":0,"comment_status":"closed","ping_status":"closed","template":"","meta":{"footnotes":""},"class_list":{"0":"post-65882","1":"page","2":"type-page","3":"status-publish","5":"no-featured-image-padding"},"_links":{"self":[{"href":"https:\/\/www.joaoleitao.com\/viagens\/wp-json\/wp\/v2\/pages\/65882","targetHints":{"allow":["GET"]}}],"collection":[{"href":"https:\/\/www.joaoleitao.com\/viagens\/wp-json\/wp\/v2\/pages"}],"about":[{"href":"https:\/\/www.joaoleitao.com\/viagens\/wp-json\/wp\/v2\/types\/page"}],"author":[{"embeddable":true,"href":"https:\/\/www.joaoleitao.com\/viagens\/wp-json\/wp\/v2\/users\/5"}],"replies":[{"embeddable":true,"href":"https:\/\/www.joaoleitao.com\/viagens\/wp-json\/wp\/v2\/comments?post=65882"}],"version-history":[{"count":4,"href":"https:\/\/www.joaoleitao.com\/viagens\/wp-json\/wp\/v2\/pages\/65882\/revisions"}],"predecessor-version":[{"id":65933,"href":"https:\/\/www.joaoleitao.com\/viagens\/wp-json\/wp\/v2\/pages\/65882\/revisions\/65933"}],"wp:attachment":[{"href":"https:\/\/www.joaoleitao.com\/viagens\/wp-json\/wp\/v2\/media?parent=65882"}],"curies":[{"name":"wp","href":"https:\/\/api.w.org\/{rel}","templated":true}]}}